{"id":50,"date":"2018-04-21T04:59:12","date_gmt":"2018-04-21T04:59:12","guid":{"rendered":"https:\/\/gs-ltd.hk\/?page_id=50"},"modified":"2025-04-14T17:03:59","modified_gmt":"2025-04-14T08:03:59","slug":"home","status":"publish","type":"page","link":"https:\/\/gs-ltd.hk\/fr\/","title":{"rendered":"Haut de page"},"content":{"rendered":"<div class=\"wpb-content-wrapper\">[vc_row][vc_column][vc_column_text]<style>\r\n.vc_custom_1571458581913 {\r\n\/*margin-top: -108px !important;*\/\r\nmargin-top: -60px !important;\r\nmargin-bottom: -20px !important;\r\npadding-bottom: 20px !important;\r\nbackground-color: #252525 !important;\r\n}\r\n.btn_container {\r\nwidth: 1200px;\r\nmargin-right: auto;\r\nmargin-left: auto;\r\npadding-left: 15px;\r\npadding-right: 15px;\r\n}\r\n\r\n.topbtn{\r\nposition: relative;\r\n}\r\n\r\n.topbtn a:hover img{\r\nopacity: 0.7 ;\r\ntransition: 0.3s ;\r\n}\r\n\r\n@media screen and (min-width:0px) and (max-width:515px){\r\n.btn_container {\r\nwidth: 320px;\r\nmargin-right: auto;\r\nmargin-left: auto;\r\npadding-left: 5px;\r\npadding-right: 5px;\r\n}\r\n}\r\n\r\n.btn_center{\r\nwidth:100%;\r\ntext-align: center;\r\n}\r\n\r\n@media screen and (min-width:516px) and (max-width:1200px){\r\n.btn_container {\r\nwidth: 500px;\r\nmargin-right: auto;\r\nmargin-left: auto;\r\npadding-left: 15px;\r\npadding-right: 15px;\r\n}\r\n}\r\n<\/style>\r\n\r\n[vc_row][vc_column][vc_column_text css=\".vc_custom_1571458581913{margin-top: -108px !important;margin-bottom: -20px !important;background-color: #252525 !important;}\"]\r\n<div class=\"btn_container\">\r\n<div class=\"btn_center\">\r\n<div class=\"topbtn\" style=\"float: left;\"><a href=\"\/fr\/register_demo\">\r\n<img loading=\"lazy\" decoding=\"async\" src=\"\/wp-content\/uploads\/2020\/07\/btn_demoR_fr.png\" alt=\"\" width=\"575\" height=\"65\" \/> <\/a><\/div>\r\n<div class=\"topbtn\" style=\"float: left;\"><a href=\"\/fr\/register-account\">\r\n<img loading=\"lazy\" decoding=\"async\" src=\"\/wp-content\/uploads\/2020\/07\/account_rege_fr.png\" alt=\"\" width=\"575\" height=\"65\" \/>\r\n<\/a><\/div>\r\n<div style=\"clear: both;\"><\/div>\r\n<\/div>\r\n<\/div>\r\n[\/vc_column_text][\/vc_column][\/vc_row]\r\n[\/vc_column_text][\/vc_column][\/vc_row][vc_row css=&#8221;.vc_custom_1536996261552{margin-top: 0px !important;}&#8221;][vc_column][vc_column_text]\n<div class=\"ticker-forex-wrap\">\n<div id=\"ticker-forex\">\n<div id=\"ticker-system\"><table border='1' width='100%' height='200px'>\r\n<tr style=\"font-size:15px\"><th>Instrument<\/th><th>Bid<\/th><th>Ask<\/th><th>Spread<\/th><th style=\"background-color:#acc4f9\">Instrument<\/th><th style=\"background-color:#acc4f9\">Bid<\/th><th style=\"background-color:#acc4f9\">Ask<\/th><th style=\"background-color:#acc4f9\">Spread<\/th><th>Instrument<\/th><th>Bid<\/th><th>Ask<\/th><th>Spread<\/th><th style=\"background-color:#acc4f9\">Instrument<\/th><th style=\"background-color:#acc4f9\">Bid<\/th><th style=\"background-color:#acc4f9\">Ask<\/th><th style=\"background-color:#acc4f9\">Spread<\/th><th>Instrument<\/th><th>Bid<\/th><th>Ask<\/th><th>Spread<\/th><th style=\"background-color:#acc4f9\">Instrument<\/th><th style=\"background-color:#acc4f9\">Bid<\/th><th style=\"background-color:#acc4f9\">Ask<\/th><th style=\"background-color:#acc4f9\">Spread<\/th><th>Instrument<\/th><th>Bid<\/th><th>Ask<\/th><th>Spread<\/th><th style=\"background-color:#acc4f9\">Instrument<\/th><th style=\"background-color:#acc4f9\">Bid<\/th><th style=\"background-color:#acc4f9\">Ask<\/th><th style=\"background-color:#acc4f9\">Spread<\/th><th>Instrument<\/th><th>Bid<\/th><th>Ask<\/th><th>Spread<\/th><th style=\"background-color:#acc4f9\">Instrument<\/th><th style=\"background-color:#acc4f9\">Bid<\/th><th style=\"background-color:#acc4f9\">Ask<\/th><th style=\"background-color:#acc4f9\">Spread<\/th><\/tr>\r\n \r\n<tr style='font-size:14px'><td><strong>USDJPY<\/strong><\/td><td>108.574<\/td><td>108.583<\/td><td>9<\/td><td><strong>EURUSD<\/strong><\/td><td>1.07871<\/td><td>1.07882<\/td><td>11<\/td><td><strong>GBPUSD<\/strong><\/td><td>1.22556<\/td><td>1.22574<\/td><td>18<\/td><td><strong>EURGBP<\/strong><\/td><td>0.88005<\/td><td>0.88029<\/td><td>24<\/td><td><strong>EURJPY<\/strong><\/td><td>117.124<\/td><td>117.138<\/td><td>14<\/td><td><strong>GBPJPY<\/strong><\/td><td>133.067<\/td><td>133.096<\/td><td>29<\/td><td><strong>NZDJPY<\/strong><\/td><td>63.631<\/td><td>63.659<\/td><td>28<\/td><td><strong>AUDJPY<\/strong><\/td><td>65.3110<\/td><td>65.33<\/td><td>19<\/td><td><strong>CADJPY<\/strong><\/td><td>76.848<\/td><td>76.867<\/td><td>19<\/td><td><strong>CHFJPY<\/strong><\/td><td>110.996<\/td><td>111.018<\/td><td>22<\/td><\/tr><\/table><\/div>\n<\/div>\n<\/div>\n<hr \/>\n[\/vc_column_text][\/vc_column][\/vc_row][vc_row el_class=&#8221;.top_middle_all&#8221;][vc_column width=&#8221;1\/3&#8243; el_class=&#8221;top_middle&#8221;][vc_column_text css=&#8221;.vc_custom_1589263704659{margin-right: 10px !important;margin-left: 10px !important;}&#8221;]<div class=\"su-button-center\"><a href=\"\/fr\/news\" class=\"su-button su-button-style-flat su-button-wide\" style=\"color:#fff;background-color:#8b8b8b;border-color:#707070;border-radius:5px\" target=\"_self\"><span style=\"color:#fff;padding:0px 34px;font-size:25px;line-height:50px;border-color:#aeaeae;border-radius:5px;text-shadow:none\"> <i class=\"wp-svg-copy-2 copy-2\"><\/i>NOUVELLES FX<\/span><\/a><\/div>[\/vc_column_text][vc_row_inner][vc_column_inner][vc_column_text css=&#8221;.vc_custom_1588398048090{margin-right: 10px !important;margin-left: 10px !important;}&#8221; el_class=&#8221;news_list&#8221;]\n\n<div class=\"su-posts su-posts-default-loop \">\n\n\t\n\t\t\t\t\t\n\t\t\t\n\t\t\t<div id=\"su-post-31816\" class=\"su-post \">\n\n\t\t\t\t\n\t\t\t\t<h2 class=\"su-post-title\"><a href=\"https:\/\/gs-ltd.hk\/fr\/news\/cfd-trading-hours-change-15\/\">CFD Trading Hours Change<\/a><\/h2>\n\n\t\t\t\t<div class=\"su-post-meta\">\n\t\t\t\t\t\u6295\u7a3f: April 4, 2024\t\t\t\t<\/div>\n\n\t\t\t\t<div class=\"su-post-excerpt\">\n\t\t\t\t\t<p>We would like to thank you for your continued patronage. As a quick reminder, there will be some changes to the CFD trading hours (*Japanese time) due&#8230;<\/p>\n\t\t\t\t<\/div>\n\n\t\t\t\t\n\t\t\t<\/div>\n\n\t\t\t\t\t\n\t\t\t\n\t\t\t<div id=\"su-post-31670\" class=\"su-post \">\n\n\t\t\t\t\n\t\t\t\t<h2 class=\"su-post-title\"><a href=\"https:\/\/gs-ltd.hk\/fr\/news\/cfd-trading-hours-change-14\/\">CFD Trading Hours Change<\/a><\/h2>\n\n\t\t\t\t<div class=\"su-post-meta\">\n\t\t\t\t\t\u6295\u7a3f: March 28, 2024\t\t\t\t<\/div>\n\n\t\t\t\t<div class=\"su-post-excerpt\">\n\t\t\t\t\t<p>We would like to thank you for your continued patronage. &nbsp; As a quick reminder, there will be some changes to the CFD trading hours (*Japanese ti&#8230;<\/p>\n\t\t\t\t<\/div>\n\n\t\t\t\t\n\t\t\t<\/div>\n\n\t\t\n\t\n<\/div>\n[\/vc_column_text][\/vc_column_inner][\/vc_row_inner][\/vc_column][vc_column width=&#8221;1\/3&#8243;][vc_column_text css=&#8221;.vc_custom_1641342292185{margin-right: 10px !important;margin-left: 10px !important;}&#8221;]<div class=\"su-button-center\"><a href=\"https:\/\/ftp-socialtrade.com\/\" class=\"su-button su-button-style-flat su-button-wide\" style=\"color:#fff;background-color:#8b8b8b;border-color:#707070;border-radius:5px\" target=\"_self\"><span style=\"color:#fff;padding:0px 34px;font-size:25px;line-height:50px;border-color:#aeaeae;border-radius:5px;text-shadow:none\"> <i class=\"wp-svg-stats stats\"><\/i>COMMER\u00c7ANTS SOCIAUX<\/span><\/a><\/div><br \/>\n<span style=\"font-weight: bolder;\">Liste des commer\u00e7ants recommand\u00e9s. Veuillez s\u00e9lectionner votre commer\u00e7ant pr\u00e9f\u00e9r\u00e9.<\/span><a href=\"https:\/\/ftp-socialtrade.com\/\">\t<script type=\"text\/javascript\">\n\t(function( $ ) {\n\t\t$( function() {\n\t\t\tHighcharts.setOptions( {\"lang\":{\"decimalPoint\":\".\",\"thousandsSep\":\",\",\"numericSymbols\":[\"K\",\"M\",\"B\",\"T\",\"P\",\"E\"],\"numericSymbolMagnitude\":1000}});\n\t\t} );\n\t})( jQuery );\n\t<\/script>\n\t<div id=\"m-chart-container-793-1\" class=\"m-chart-container\">\n\t<div id=\"m-chart-793-1\" class=\"m-chart\"><\/div>\n<\/div>\n<script type=\"text\/javascript\">\n\tvar m_chart_highcharts_793_1 = {\n\t\tchart_args: {\"chart\":{\"type\":\"area\",\"show_labels\":false,\"renderTo\":\"m-chart-793\",\"height\":350},\"title\":{\"text\":\"Social traders are here.\"},\"subtitle\":{\"text\":\"\"},\"legend\":{\"enabled\":false},\"credits\":{\"href\":\"\",\"text\":\"\"},\"exporting\":{\"enabled\":false},\"plotOptions\":{\"series\":{\"dataLabels\":{\"enabled\":false,\"format\":\"{y:,f}\"},\"connectNulls\":true},\"area\":{\"dataLabels\":{\"enabled\":false}}},\"xAxis\":{\"categories\":[\"30 8 2017\",\"1 9 2017\",\"4 9 2017\",\"5 9 2017\",\"6 9 2017\",\"7 9 2017\",\"8 9 2017\",\"9 9 2017\",\"11 9 2017\",\"12 9 2017\",\"14 9 2017\",\"15 9 2017\",\"16 9 2017\",\"17 9 2017\",\"20 9 2017\",\"21 9 2017\",\"25 9 2017\",\"3 10 2017\",\"6 10 2017\",\"7 10 2017\",\"11 10 2017\",\"12 10 2017\",\"14 10 2017\",\"15 10 2017\",\"16 10 2017\",\"17 10 2017\",\"18 10 2017\",\"19 10 2017\",\"21 10 2017\",\"22 10 2017\",\"23 10 2017\",\"24 10 2017\",\"26 10 2017\",\"27 10 2017\",\"28 10 2017\",\"29 10 2017\",\"1 11 2017\",\"2 11 2017\",\"3 11 2017\",\"4 11 2017\",\"5 11 2017\",\"6 11 2017\",\"7 11 2017\",\"8 11 2017\",\"9 11 2017\",\"10 11 2017\",\"11 11 2017\",\"12 11 2017\",\"13 11 2017\",\"14 11 2017\",\"15 11 2017\",\"16 11 2017\",\"17 11 2017\",\"18 11 2017\",\"19 11 2017\",\"20 11 2017\",\"21 11 2017\"],\"title\":{\"text\":\"\"}},\"yAxis\":{\"title\":{\"text\":\"\"}},\"series\":[{\"type\":\"area\",\"showInLegend\":true,\"data\":[[\"30 8 2017\",124],[\"1 9 2017\",210],[\"4 9 2017\",502],[\"5 9 2017\",849],[\"6 9 2017\",1020],[\"7 9 2017\",1500],[\"8 9 2017\",1894],[\"9 9 2017\",2894],[\"11 9 2017\",3204],[\"12 9 2017\",4821],[\"14 9 2017\",3974],[\"15 9 2017\",3343],[\"16 9 2017\",3198],[\"17 9 2017\",3921],[\"20 9 2017\",3929],[\"21 9 2017\",3409],[\"25 9 2017\",2432],[\"3 10 2017\",2899],[\"6 10 2017\",3103],[\"7 10 2017\",3229],[\"11 10 2017\",3522],[\"12 10 2017\",4303],[\"14 10 2017\",4529],[\"15 10 2017\",5230],[\"16 10 2017\",5102],[\"17 10 2017\",4989],[\"18 10 2017\",4849],[\"19 10 2017\",5105],[\"21 10 2017\",5383],[\"22 10 2017\",5893],[\"23 10 2017\",5532],[\"24 10 2017\",5031],[\"26 10 2017\",5720],[\"27 10 2017\",6299],[\"28 10 2017\",7125],[\"29 10 2017\",7622],[\"1 11 2017\",8303],[\"2 11 2017\",9000],[\"3 11 2017\",9500],[\"4 11 2017\",9998],[\"5 11 2017\",11000],[\"6 11 2017\",12234],[\"7 11 2017\",13292],[\"8 11 2017\",13500],[\"9 11 2017\",14232],[\"10 11 2017\",16922],[\"11 11 2017\",17332],[\"12 11 2017\",17459],[\"13 11 2017\",17492],[\"14 11 2017\",18521],[\"15 11 2017\",19820],[\"16 11 2017\",20592],[\"17 11 2017\",22942],[\"18 11 2017\",24582],[\"19 11 2017\",26002],[\"20 11 2017\",28492],[\"21 11 2017\",29979]]}],\"tooltip\":{\"pointFormat\":\"<b>{point.y}<\/b>\"},\"colors\":[\"#2f7ed8\",\"#0d233a\",\"#8bbc21\",\"#910000\",\"#1aadce\",\"#492970\",\"#f28f43\",\"#77a1e5\",\"#c42525\",\"#a6c96a\"]},\n\t\tpost_id: 793,\n\t\tinstance: 1\t};\n\n\t\n\t(function( $ ) {\n\t\tm_chart_highcharts_793_1.render_chart = function( ) {\n\t\t\t$( '.m-chart' ).trigger({\n\t\t\t\ttype:     'render_start',\n\t\t\t\tpost_id:  this.post_id,\n\t\t\t\tinstance: this.instance\n\t\t\t});\n\n\t\t\t$( '#m-chart-' + this.post_id + '-' + this.instance ).highcharts(\n\t\t\t\tthis.chart_args,\n\t\t\t\tfunction( chart ) {\n\t\t\t\t\t\/\/ Stuff to do after the chart has rendered goes here\n\t\t\t\t\t\n\t\t\t\t}\n\t\t\t);\n\n\t\t\tthis.chart = $( '#m-chart-' + this.post_id + '-' + this.instance ).highcharts();\n\n\t\t\t$( '.m-chart' ).trigger({\n\t\t\t\ttype:     'render_done',\n\t\t\t\tchart:    this.chart,\n\t\t\t\tpost_id:  this.post_id,\n\t\t\t\tinstance: this.instance\n\t\t\t});\n\t\t};\n\n\t\t$( function() {\n\t\t\tm_chart_highcharts_793_1.render_chart();\n\t\t} );\n\t})( jQuery );\n<\/script><\/a>[\/vc_column_text][\/vc_column][vc_column width=&#8221;1\/3&#8243;][vc_column_text css=&#8221;.vc_custom_1589879616464{margin-right: 10px !important;margin-left: 10px !important;}&#8221;]<div class=\"su-button-center\"><a href=\"\/fr\/how-to-gst\/\" class=\"su-button su-button-style-flat su-button-wide\" style=\"color:#fff;background-color:#8b8b8b;border-color:#707070;border-radius:5px\" target=\"_self\"><span style=\"color:#fff;padding:0px 34px;font-size:25px;line-height:50px;border-color:#aeaeae;border-radius:5px;text-shadow:none\"> <i class=\"wp-svg-info info\"><\/i>Comment utiliser<\/span><\/a><\/div>\n<p style=\"text-align: center;\"><span id=\"result_box\" class=\"\" lang=\"en\"><span class=\"\"><strong>Tradons avec le propre syst\u00e8me commercial de GSTrade.<\/strong><\/span><\/span><br \/>\n<a href=\"\/ja\/landing\/#formArea\" class=\"su-button su-button-style-soft howto_btn su-button-wide\" style=\"color:#ffffff;background-color:#d51820;border-color:#ab141a;border-radius:11px\" target=\"_self\"><span style=\"color:#ffffff;padding:0px 28px;font-size:21px;line-height:42px;border-color:#e25e63;border-radius:11px;text-shadow:none\"> 1. OUVRIR UN COMPTE<\/span><\/a><i class=\"wp-svg-arrow-down arrow-down\"style=\"color:#d51820;\"><\/i><a href=\"https:\/\/download.mql5.com\/cdn\/web\/global.seek.limited\/mt5\/gstrade5setup.exe\" class=\"su-button su-button-style-soft howto_btn su-button-wide\" style=\"color:#ffffff;background-color:#d51820;border-color:#ab141a;border-radius:11px\" target=\"_self\"><span style=\"color:#ffffff;padding:0px 28px;font-size:21px;line-height:42px;border-color:#e25e63;border-radius:11px;text-shadow:none\"> 2. T\u00e9l\u00e9charger MT5(for PC)<\/span><\/a><i class=\"wp-svg-arrow-down arrow-down\"style=\"color:#d51820;\"><\/i><a href=\"\/fr\/deposit-and-withdrawal\/\" class=\"su-button su-button-style-soft howto_btn su-button-wide\" style=\"color:#ffffff;background-color:#d51820;border-color:#ab141a;border-radius:11px\" target=\"_self\"><span style=\"color:#ffffff;padding:0px 28px;font-size:21px;line-height:42px;border-color:#e25e63;border-radius:11px;text-shadow:none\"> 3. Fonds d&#8217;argent en compte<\/span><\/a>Si vous avez des questions ou avez besoin de plus d&#8217;informations, n&#8217;h\u00e9sitez pas \u00e0 nous contacter.<\/p>\n[\/vc_column_text][\/vc_column][\/vc_row][vc_section el_class=&#8221;top_bt_all&#8221;][vc_row][vc_column][vc_column_text css=&#8221;.vc_custom_1589264529448{margin-right: 10px !important;margin-left: 10px !important;}&#8221;]\n<hr \/>\n<hr \/>\n<p style=\"text-align: center;\">GSTrade a commenc\u00e9 \u00e0 proposer MT 5 (MetaTrader 5). Depuis lors, de nombreux fans l&#8217;ont soutenu.<br \/>\nMT 5 populaire dont vous pouvez profiter \u00e0 la fois du trading automatique et des nouvelles m\u00e9thodes d&#8217;analyse. Rade de la TPS est un peu diff\u00e9rent. Veuillez utiliser le service unique au leader mondial du march\u00e9.<\/p>\n[\/vc_column_text][\/vc_column][\/vc_row][\/vc_section][vc_row][vc_column][vc_empty_space css=&#8221;.vc_custom_1524754367696{margin-right: 50px !important;margin-left: 50px !important;}&#8221;][\/vc_column][\/vc_row][vc_row][vc_column][vc_column_text]\n<hr \/>\n<hr \/>\n[\/vc_column_text][vc_toggle title=&#8221;- Voir tous les tarifs -&#8221; style=&#8221;simple&#8221; size=&#8221;lg&#8221; custom_font_container=&#8221;tag:h2|font_size:30px|text_align:center|color:%23dd3333&#8243; custom_use_theme_fonts=&#8221;yes&#8221; use_custom_heading=&#8221;true&#8221;]<table border='1' width='97%'>\r\n<tr><th>Instrument<\/th><th>Bid<\/th><th>Ask<\/th><th>Spread<\/th><\/tr>\r\n \r\n<tr><td><strong>USDJPY<\/strong><\/td><td>108.574<\/td><td>108.583<\/td><td>9<\/td><\/tr><tr><td><strong>EURUSD<\/strong><\/td><td>1.07871<\/td><td>1.07882<\/td><td>11<\/td><\/tr><tr><td><strong>GBPUSD<\/strong><\/td><td>1.22556<\/td><td>1.22574<\/td><td>18<\/td><\/tr><tr><td><strong>USDCHF<\/strong><\/td><td>0.98084<\/td><td>0.98096<\/td><td>12<\/td><\/tr><tr><td><strong>USDCAD<\/strong><\/td><td>1.3248<\/td><td>1.32491<\/td><td>11<\/td><\/tr><tr><td><strong>NZDUSD<\/strong><\/td><td>0.58609<\/td><td>0.58625<\/td><td>16<\/td><\/tr><tr><td><strong>EURGBP<\/strong><\/td><td>0.88005<\/td><td>0.88029<\/td><td>24<\/td><\/tr><tr><td><strong>EURJPY<\/strong><\/td><td>117.124<\/td><td>117.138<\/td><td>14<\/td><\/tr><tr><td><strong>EURCHF<\/strong><\/td><td>1.05508<\/td><td>1.05521<\/td><td>13<\/td><\/tr><tr><td><strong>EURAUD<\/strong><\/td><td>1.79298<\/td><td>1.79337<\/td><td>39<\/td><\/tr><tr><td><strong>EURNZD<\/strong><\/td><td>1.84012<\/td><td>1.8407<\/td><td>58<\/td><\/tr><tr><td><strong>GBPJPY<\/strong><\/td><td>133.067<\/td><td>133.096<\/td><td>29<\/td><\/tr><tr><td><strong>GBPCHF<\/strong><\/td><td>1.19873<\/td><td>1.19887<\/td><td>14<\/td><\/tr><tr><td><strong>NZDJPY<\/strong><\/td><td>63.631<\/td><td>63.659<\/td><td>28<\/td><\/tr><tr><td><strong>AUDJPY<\/strong><\/td><td>65.3110<\/td><td>65.33<\/td><td>19<\/td><\/tr><tr><td><strong>AUDCAD<\/strong><\/td><td>0.84972<\/td><td>0.85<\/td><td>28<\/td><\/tr><tr><td><strong>AUDCHF<\/strong><\/td><td>0.58834<\/td><td>0.58853<\/td><td>19<\/td><\/tr><tr><td><strong>AUDNZD<\/strong><\/td><td>1.02615<\/td><td>1.02641<\/td><td>26<\/td><\/tr><tr><td><strong>CADJPY<\/strong><\/td><td>76.848<\/td><td>76.867<\/td><td>19<\/td><\/tr><td><strong>CHFJPY<\/strong><\/td><td>110.996<\/td><td>111.018<\/td><td>22<\/td><\/tr><\/table>[\/vc_toggle][\/vc_column][\/vc_row][vc_row][vc_column][vc_empty_space css=&#8221;.vc_custom_1524754367696{margin-right: 50px !important;margin-left: 50px !important;}&#8221;][\/vc_column][\/vc_row][vc_section el_class=&#8221;footer_menu_row2&#8243;][vc_row el_class=&#8221;footer_menu_row&#8221;][vc_column width=&#8221;1\/3&#8243; css=&#8221;.vc_custom_1524801685220{padding-right: 60px !important;padding-left: 60px !important;}&#8221;][vc_column_text]<span style=\"font-size: 28px;\"><strong><i class=\"wp-svg-screen screen\"><\/i> Plateformes<\/strong><\/span><br \/>\n<a href=\"\/fr\/meta-trader5\/\"><strong><span style=\"font-size: 16px;\"><i class=\"wp-svg-laptop laptop\"><\/i> <\/span><span style=\"color: red; font-size: 23px;\">MetaTrader5<\/span><\/strong><\/a><a href=\"\/fr\/mobile\/\"><br \/>\n<strong><span style=\"font-size: 16px;\"><i class=\"wp-svg-mobile mobile\"><\/i> <\/span><span style=\"color: red; font-size: 23px;\">Mobile<\/span><\/strong><\/a>[\/vc_column_text][\/vc_column][vc_column width=&#8221;1\/3&#8243; css=&#8221;.vc_custom_1524801565312{padding-right: 60px !important;padding-left: 60px !important;}&#8221;][vc_column_text]<span style=\"font-size: 28px;\"><strong><i class=\"wp-svg-users users\"><\/i> Types de compte MT5<\/strong><\/span><br \/>\n<a href=\"\/fr\/account-type\/\"><strong><span style=\"font-size: 16px;\"><i class=\"wp-svg-shield shield\"><\/i> <\/span><span style=\"color: red; font-size: 23px;\">LA NORME<\/span><\/strong><\/a><a href=\"\/fr\/account-type\/\"><br \/>\n<strong><span style=\"font-size: 16px;\"><i class=\"wp-svg-lightning lightning\"><\/i> <\/span><span style=\"color: red; font-size: 23px;\">PRIME<\/span><\/strong><\/a>[\/vc_column_text][\/vc_column][vc_column width=&#8221;1\/3&#8243; css=&#8221;.vc_custom_1524801991000{padding-right: 60px !important;padding-left: 60px !important;}&#8221;][vc_column_text]<span style=\"font-size: 28px;\"><strong><i class=\"wp-svg-info-2 info-2\"><\/i> INFORMATION<\/strong><\/span><br \/>\n<a href=\"\/fr\/PROMOTIONS\/\"><strong><span style=\"font-size: 16px;\"><i class=\"wp-svg-bullhorn bullhorn\"><\/i> <\/span><span style=\"color: red; font-size: 23px;\">PROMOTIONS<\/span><\/strong><\/a><a href=\"\/fr\/about-us\/\"><br \/>\n<strong><span style=\"font-size: 16px;\"><i class=\"wp-svg-office office\"><\/i> <\/span><span style=\"color: red; font-size: 23px;\">\u00c0 PROPOS DE NOUS<\/span><\/strong><\/a><a href=\"\/fr\/asset-management\/\"><br \/>\n<strong><span style=\"font-size: 16px;\"><i class=\"wp-svg-coin coin\"><\/i> <\/span><span style=\"color: red; font-size: 23px;\">LA GESTION D&#8217;ACTIFS<\/span><\/strong><\/a>[\/vc_column_text][\/vc_column][\/vc_row][\/vc_section]\n<\/div>","protected":false},"excerpt":{"rendered":"<p>We would like to thank you for your continued patronage. &nbsp; As a quick reminder, there will be some changes to the CFD trading hours (*Japanese ti&#8230;<\/p>\n","protected":false},"author":1,"featured_media":0,"parent":0,"menu_order":0,"comment_status":"closed","ping_status":"closed","template":"page-full.php","meta":{"footnotes":""},"translation":{"provider":"WPGlobus","version":"3.0.0","language":"fr","enabled_languages":["en","zh","th","ja","ko","ar","ru","fr"],"languages":{"en":{"title":true,"content":true,"excerpt":false},"zh":{"title":true,"content":true,"excerpt":false},"th":{"title":true,"content":true,"excerpt":false},"ja":{"title":true,"content":true,"excerpt":false},"ko":{"title":true,"content":true,"excerpt":false},"ar":{"title":true,"content":true,"excerpt":false},"ru":{"title":true,"content":true,"excerpt":false},"fr":{"title":true,"content":true,"excerpt":false}}},"aioseo_notices":[],"_links":{"self":[{"href":"https:\/\/gs-ltd.hk\/fr\/wp-json\/wp\/v2\/pages\/50"}],"collection":[{"href":"https:\/\/gs-ltd.hk\/fr\/wp-json\/wp\/v2\/pages"}],"about":[{"href":"https:\/\/gs-ltd.hk\/fr\/wp-json\/wp\/v2\/types\/page"}],"author":[{"embeddable":true,"href":"https:\/\/gs-ltd.hk\/fr\/wp-json\/wp\/v2\/users\/1"}],"replies":[{"embeddable":true,"href":"https:\/\/gs-ltd.hk\/fr\/wp-json\/wp\/v2\/comments?post=50"}],"version-history":[{"count":7,"href":"https:\/\/gs-ltd.hk\/fr\/wp-json\/wp\/v2\/pages\/50\/revisions"}],"predecessor-version":[{"id":49004,"href":"https:\/\/gs-ltd.hk\/fr\/wp-json\/wp\/v2\/pages\/50\/revisions\/49004"}],"wp:attachment":[{"href":"https:\/\/gs-ltd.hk\/fr\/wp-json\/wp\/v2\/media?parent=50"}],"curies":[{"name":"wp","href":"https:\/\/api.w.org\/{rel}","templated":true}]}}