{"id":487,"date":"2018-04-30T15:22:39","date_gmt":"2018-04-30T15:22:39","guid":{"rendered":"https:\/\/gs-ltd.hk\/?page_id=487"},"modified":"2023-04-27T17:16:16","modified_gmt":"2023-04-27T08:16:16","slug":"identification-document-upload","status":"publish","type":"page","link":"https:\/\/gs-ltd.hk\/fr\/identification-document-upload\/","title":{"rendered":"Soumettre des documents d&#8217;identification"},"content":{"rendered":"\n<div class=\"wpcf7 no-js\" id=\"wpcf7-f5468-o1\" lang=\"en-US\" dir=\"ltr\">\n<div class=\"screen-reader-response\"><p role=\"status\" aria-live=\"polite\" aria-atomic=\"true\"><\/p> <ul><\/ul><\/div>\n<form action=\"\/fr\/wp-json\/wp\/v2\/pages\/487#wpcf7-f5468-o1\" method=\"post\" class=\"wpcf7-form init\" aria-label=\"Contact form\" enctype=\"multipart\/form-data\" novalidate=\"novalidate\" data-status=\"init\">\n<div style=\"display: none;\">\n<input type=\"hidden\" name=\"_wpcf7\" value=\"5468\" \/>\n<input type=\"hidden\" name=\"_wpcf7_version\" value=\"5.9.8\" \/>\n<input type=\"hidden\" name=\"_wpcf7_locale\" value=\"en_US\" \/>\n<input type=\"hidden\" name=\"_wpcf7_unit_tag\" value=\"wpcf7-f5468-o1\" \/>\n<input type=\"hidden\" name=\"_wpcf7_container_post\" value=\"0\" \/>\n<input type=\"hidden\" name=\"_wpcf7_posted_data_hash\" value=\"\" \/>\n<input type=\"hidden\" name=\"_wpcf7_recaptcha_response\" value=\"\" \/>\n<\/div>\n<hr \/>\n<p>\u2460 Carte d'identit\u00e9 (par exemple, passeport valide, permis de conduire, carte d'identit\u00e9, etc.)<br \/>\nAvec votre passeport en cours de validit\u00e9 ou une autre copie d'identification officielle, votre nom (nom complet), la date de d\u00e9livrance ou la date d'expiration, votre lieu de naissance et votre date de naissance ou votre num\u00e9ro d'identification fiscale et votre signature sont requis.\n<\/p>\n<p>\u2461 Documents pouvant confirmer l'adresse (par exemple, \u00e9lectricit\u00e9, gaz, eau, t\u00e9l\u00e9phone, essence, Internet ou t\u00e9l\u00e9vision par c\u00e2ble)<br \/>\nUne facture r\u00e9cente de frais de services publics qui r\u00e9pertorie la date dans les 6 mois \u00e0 laquelle vous pouvez confirmer votre adresse enregistr\u00e9e.\n<\/p>\n<hr \/>\n<p><label> Nom (obligatoire)<br \/>\n<span class=\"wpcf7-form-control-wrap\" data-name=\"your-name\"><input size=\"40\" maxlength=\"400\" class=\"wpcf7-form-control wpcf7-text wpcf7-validates-as-required\" aria-required=\"true\" aria-invalid=\"false\" value=\"\" type=\"text\" name=\"your-name\" \/><\/span> <\/label>\n<\/p>\n<p><label> Adresse e-mail (obligatoire)<br \/>\n<span class=\"wpcf7-form-control-wrap\" data-name=\"your-email\"><input size=\"40\" maxlength=\"400\" class=\"wpcf7-form-control wpcf7-email wpcf7-validates-as-required wpcf7-text wpcf7-validates-as-email\" aria-required=\"true\" aria-invalid=\"false\" value=\"\" type=\"email\" name=\"your-email\" \/><\/span> <\/label>\n<\/p>\n<p><label> Le message<br \/>\n<span class=\"wpcf7-form-control-wrap\" data-name=\"your-message\"><textarea cols=\"40\" rows=\"10\" maxlength=\"2000\" class=\"wpcf7-form-control wpcf7-textarea\" aria-invalid=\"false\" name=\"your-message\"><\/textarea><\/span> <\/label>\n<\/p>\n<p><label> Document d'identification\u2460<br \/>\n<span class=\"wpcf7-form-control-wrap\" data-name=\"identification-document\"><input size=\"40\" class=\"wpcf7-form-control wpcf7-file wpcf7-validates-as-required\" accept=\".gif,.png,.jpg,.jpeg,.pdf\" aria-required=\"true\" aria-invalid=\"false\" type=\"file\" name=\"identification-document\" \/><\/span> <\/label>\n<\/p>\n<p><label> Document d'identification\u2461<br \/>\n<span class=\"wpcf7-form-control-wrap\" data-name=\"file-993\"><input size=\"40\" class=\"wpcf7-form-control wpcf7-file file-993\" accept=\".gif,.png,.jpg,.jpeg,.pdf\" aria-invalid=\"false\" type=\"file\" name=\"file-993\" \/><\/span><\/label>\n<\/p>\n<p><input class=\"wpcf7-form-control wpcf7-submit has-spinner\" type=\"submit\" value=\"Envoyer\" \/>\n<\/p><div class=\"wpcf7-response-output\" aria-hidden=\"true\"><\/div>\n<\/form>\n<\/div>\n\n","protected":false},"excerpt":{"rendered":"{:en} \u2460 Identity card (eg valid passport, driver\u2019s license, ID card etc.) With your valid passport or other official identification copy, your name (f...","protected":false},"author":2,"featured_media":0,"parent":0,"menu_order":0,"comment_status":"closed","ping_status":"closed","template":"","meta":{"footnotes":""},"translation":{"provider":"WPGlobus","version":"3.0.0","language":"fr","enabled_languages":["en","zh","th","ja","ko","ar","ru","fr"],"languages":{"en":{"title":true,"content":true,"excerpt":false},"zh":{"title":true,"content":true,"excerpt":false},"th":{"title":true,"content":false,"excerpt":false},"ja":{"title":true,"content":true,"excerpt":false},"ko":{"title":true,"content":true,"excerpt":false},"ar":{"title":true,"content":true,"excerpt":false},"ru":{"title":true,"content":true,"excerpt":false},"fr":{"title":true,"content":true,"excerpt":false}}},"aioseo_notices":[],"_links":{"self":[{"href":"https:\/\/gs-ltd.hk\/fr\/wp-json\/wp\/v2\/pages\/487"}],"collection":[{"href":"https:\/\/gs-ltd.hk\/fr\/wp-json\/wp\/v2\/pages"}],"about":[{"href":"https:\/\/gs-ltd.hk\/fr\/wp-json\/wp\/v2\/types\/page"}],"author":[{"embeddable":true,"href":"https:\/\/gs-ltd.hk\/fr\/wp-json\/wp\/v2\/users\/2"}],"replies":[{"embeddable":true,"href":"https:\/\/gs-ltd.hk\/fr\/wp-json\/wp\/v2\/comments?post=487"}],"version-history":[{"count":6,"href":"https:\/\/gs-ltd.hk\/fr\/wp-json\/wp\/v2\/pages\/487\/revisions"}],"predecessor-version":[{"id":18384,"href":"https:\/\/gs-ltd.hk\/fr\/wp-json\/wp\/v2\/pages\/487\/revisions\/18384"}],"wp:attachment":[{"href":"https:\/\/gs-ltd.hk\/fr\/wp-json\/wp\/v2\/media?parent=487"}],"curies":[{"name":"wp","href":"https:\/\/api.w.org\/{rel}","templated":true}]}}