{"id":1734,"date":"2019-04-12T10:46:32","date_gmt":"2019-04-12T01:46:32","guid":{"rendered":"https:\/\/gs-ltd.hk\/?page_id=1734"},"modified":"2023-04-27T18:57:01","modified_gmt":"2023-04-27T09:57:01","slug":"trading-execution-risk","status":"publish","type":"page","link":"https:\/\/gs-ltd.hk\/fr\/trading-execution-risk\/","title":{"rendered":"Risque d&#8217;ex\u00e9cution des transactions"},"content":{"rendered":"<p>Global Seek Limited (ci-apr\u00e8s d\u00e9nomm\u00e9e GSTrade), qui fournit des services d&#8217;investissement li\u00e9s aux produits financiers, divulgue les risques d&#8217;ex\u00e9cution des transactions li\u00e9s \u00e0 la fourniture d&#8217;op\u00e9rations d&#8217;investissement li\u00e9es aux produits financiers.<\/p>\n<h2>cale\u00e7on<\/h2>\n<p>GSTrade a pour objectif de fournir \u00e0 ses clients les meilleurs spreads et de pouvoir remplir aux tarifs command\u00e9s.<br \/>\nCependant, dans des situations de forte volatilit\u00e9, nous pouvons ne pas remplir au taux que vous avez command\u00e9.<br \/>\nDe forts mouvements du march\u00e9 peuvent entra\u00eener une volatilit\u00e9 importante des prix, ce qui peut entra\u00eener des commandes en carnet. De plus, lorsque le march\u00e9 est volatil, un ordre peut \u00eatre ex\u00e9cut\u00e9 \u00e0 un prix diff\u00e9rent du prix auquel le trader a pass\u00e9 l&#8217;ordre. De m\u00eame, des glissements peuvent \u00e9galement se produire lorsque le volume augmente et qu&#8217;il n&#8217;y a pas suffisamment de liquidit\u00e9s pour ex\u00e9cuter toutes les transactions au taux ordonn\u00e9.<br \/>\nDes glissements se produisent \u00e9galement sur les march\u00e9s boursiers et \u00e0 terme et ne sont pas propres au trading sur marge forex.<br \/>\nLa plateforme GSTrade vous permet de d\u00e9finir une tol\u00e9rance de glissement.<br \/>\nSi vous n&#8217;autorisez pas les bordereaux, votre commande ne sera ex\u00e9cut\u00e9e \u00e0 aucun prix autre que le prix de votre commande.<br \/>\nPour augmenter le taux de remplissage de votre commande, vous devez augmenter la tol\u00e9rance de glissement.<br \/>\nExemple: Si vous choisissez une tol\u00e9rance de glissement inf\u00e9rieure \u00e0 2 pips, votre commande ne sera ex\u00e9cut\u00e9e que si le prix change brusquement lorsque vous placez le glissement \u00e0 moins de 2 pips.<br \/>\nGSTrade transige avec certaines des plus belles banques du monde.<br \/>\nDe plus, comme nous avons des transactions avec plusieurs banques, il est difficile pour les spreads de s&#8217;\u00e9taler m\u00eame en cas de variations soudaines des prix.<\/p>\n<h2>Retard d&#8217;ex\u00e9cution<\/h2>\n<p>En raison de la communication avec GSTrade, il peut y avoir un retard dans l&#8217;ex\u00e9cution des ordres.<br \/>\nPour \u00e9viter un tel retard, il est recommand\u00e9 d&#8217;utiliser un ordinateur filaire au lieu d&#8217;une connexion sans fil.<\/p>\n<h2>Propagation de propagation possible<\/h2>\n<p>GSTrade essaie de fournir aux utilisateurs des \u00e9carts \u00e9troits, mais dans les cas suivants, l&#8217;\u00e9cart peut \u00eatre plus large que l&#8217;\u00e9cart normal.<br \/>\nExemple: lors d&#8217;un \u00e9v\u00e9nement d&#8217;actualit\u00e9 qui provoque des variations soudaines des prix sur le march\u00e9<br \/>\nIl est important de noter qu&#8217;il peut y avoir des mouvements de prix soudains lors d&#8217;\u00e9v\u00e9nements d&#8217;actualit\u00e9.<br \/>\nIl est \u00e9galement recommand\u00e9 de g\u00e9rer votre propre capital et votre marge effective m\u00eame en temps normal.<\/p>\n<h2>Ordre suspendu<\/h2>\n<p>Si vous passez un grand nombre de commandes \u00e0 la fois, le serveur peut ne pas fonctionner correctement.<br \/>\nDans cet \u00e9tat, la commande d&#8217;achat est stock\u00e9e dans la fen\u00eatre Commandes, les informations sur la commande d&#8217;achat sont surlign\u00e9es en rouge et la colonne d&#8217;\u00e9tat affiche Termin\u00e9 ou Trait\u00e9.<br \/>\nDe plus, m\u00eame si une commande est ex\u00e9cut\u00e9e, la confirmation de la banque peut prendre un certain temps et, dans le cas de transactions en vrac, des commandes en attente peuvent s&#8217;accumuler.<br \/>\nDe plus, les r\u00e9sultats peuvent varier selon le type de commande.<br \/>\nSi la commande ne peut pas \u00eatre trait\u00e9e dans la plage sp\u00e9cifi\u00e9e, ou si le temps s&#8217;est \u00e9coul\u00e9 depuis la commande, la commande sera rejet\u00e9e.<br \/>\nSi le serveur a pass\u00e9 la commande au moment o\u00f9 la commande a \u00e9t\u00e9 pass\u00e9e et que le prix \u00e9tait au moment o\u00f9 la commande a \u00e9t\u00e9 pass\u00e9e, la commande sera trait\u00e9e au prix actuel.<br \/>\nDans les deux cas, la colonne d&#8217;\u00e9tat de la fen\u00eatre des commandes affiche g\u00e9n\u00e9ralement \u00abex\u00e9cuter\u00bb ou \u00abtraiter\u00bb.<br \/>\nSelon le type de commande, le remplissage peut en fait \u00eatre rempli et le retard peut simplement \u00eatre un probl\u00e8me de trafic Internet.<br \/>\nDe plus, faire plusieurs entr\u00e9es au m\u00eame prix peut ralentir ou verrouiller votre ordinateur, ou cr\u00e9er des positions ind\u00e9sirables par erreur.<br \/>\nPour g\u00e9rer votre compte, rendez-vous sur la plateforme de trading GSTrade. Si vous n&#8217;avez pas acc\u00e8s \u00e0 la plateforme de trading GSTrade, veuillez nous contacter \u00e0 https:\/\/gs-ltd.hk\/fr\/contact\/.<\/p>\n<h2>Gris<\/h2>\n<p>GSTrade ne grise pas intentionnellement les prix, mais peut le faire lorsque la liquidit\u00e9 diminue.<br \/>\nDes appels de marge peuvent \u00e9galement \u00eatre effectu\u00e9s sur le compte d&#8217;un commer\u00e7ant en raison de pics de prix ou de l&#8217;\u00e9largissement des \u00e9carts.<br \/>\nLorsqu&#8217;un ordre est pass\u00e9 pour une paire de devises affect\u00e9e par le gris\u00e9, le P \/ L passe momentan\u00e9ment \u00e0 0 et clignote, faisant de la paire un prix n\u00e9gociable et permettant au syst\u00e8me de calculer le solde P \/ L. Sera.<\/p>\n<h2>\u00c9cart inverse<\/h2>\n<p>Lorsque vous utilisez la technologie GSTrade, vous n\u00e9gociez \u00e0 des prix offerts par plusieurs grandes banques et institutions financi\u00e8res.<br \/>\nMalheureusement, la technologie de trading en ligne n&#8217;est pas parfaite, et dans de rares cas, ce prix peut \u00eatre d\u00e9truit, alors soyez prudent.<br \/>\nCette condition peut ne durer qu&#8217;un instant, mais dans ce cas, l&#8217;\u00e9cart peut \u00eatre invers\u00e9.<br \/>\nGSTrade se r\u00e9serve le droit d&#8217;annuler l&#8217;\u00e9cart associ\u00e9 \u00e0 une transaction si elle se produit r\u00e9ellement \u00e0 un taux non fourni par les banques ou les institutions financi\u00e8res de GSTrade, car GSTrade ne consid\u00e8re pas qu&#8217;une telle transaction est l\u00e9gitime.<\/p>\n<h2>Heures d&#8217;ouverture<\/h2>\n<p>Les heures d&#8217;ouverture sont du dimanche 5 h 15 (heure de l&#8217;Est) au vendredi 4 h 00.<br \/>\nDe plus, il peut \u00eatre difficile d&#8217;ex\u00e9cuter et d&#8217;ex\u00e9cuter des ordres, comme le week-end lorsque les affaires deviennent l\u00e9g\u00e8res.<\/p>\n<h2>Prix \u200b\u200bavant ouverture<\/h2>\n<p>De nouvelles commandes ne peuvent \u00eatre pass\u00e9es pendant la fermeture du march\u00e9.<br \/>\nLes pr\u00e9-commandes pass\u00e9es avant la fermeture du march\u00e9 seront ex\u00e9cut\u00e9es au prix du march\u00e9 mis \u00e0 jour avant l&#8217;ouverture et de nouvelles commandes pourront \u00eatre pass\u00e9es apr\u00e8s l&#8217;ouverture.<\/p>\n<h2>Liquidit\u00e9<\/h2>\n<p>Pendant les premi\u00e8res heures apr\u00e8s l&#8217;ouverture, les march\u00e9s ont tendance \u00e0 \u00eatre plus minces que d&#8217;habitude jusqu&#8217;\u00e0 l&#8217;ouverture des march\u00e9s de Tokyo et de Londres, car la plupart des r\u00e9gions du monde sont encore des week-ends. Par cons\u00e9quent, cela peut entra\u00eener des \u00e9carts plus larges.<\/p>\n<h2>Gapping<\/h2>\n<p>Le prix d&#8217;ouverture du dimanche peut diff\u00e9rer du prix de cl\u00f4ture du vendredi, et il peut y avoir une ouverture entre le prix de cl\u00f4ture du vendredi et le prix d&#8217;ouverture du dimanche.<br \/>\nLes traders ayant des positions ou des pr\u00e9commandes le week-end doivent tenir d\u00fbment compte du potentiel de lacunes, car des lacunes peuvent survenir en cas d&#8217;annonces de nouvelles importantes ou d&#8217;\u00e9v\u00e9nements \u00e9conomiques qui changent la fa\u00e7on dont le march\u00e9 per\u00e7oit. Vous devez le mettre.<\/p>\n<h2>Ex\u00e9cution de l&#8217;ordre<\/h2>\n<p>La plupart des contrats sont ex\u00e9cut\u00e9s selon le prix de l&#8217;ordre, mais si le prix de l&#8217;ordre n&#8217;est pas sur le march\u00e9, il n&#8217;est pas ex\u00e9cut\u00e9. Les commandes sont souvent ex\u00e9cut\u00e9es au prix command\u00e9, mais si le prix command\u00e9 n&#8217;est pas sur le march\u00e9, la commande ne sera pas ex\u00e9cut\u00e9e.<br \/>\nLorsque le prix de l&#8217;Ordre Stop ordonn\u00e9 \u00e0 l&#8217;ouverture le dimanche est atteint, l&#8217;ordre devient un ordre de march\u00e9.<\/p>\n<h2>Risque de fin de semaine<\/h2>\n<p>Le march\u00e9 est tr\u00e8s volatil le week-end, nous vous recommandons donc d&#8217;\u00e9viter les risques tels que la fermeture de positions et la r\u00e9duction de positions.<br \/>\nLes traders qui souhaitent se pr\u00e9parer au risque devraient fermer leurs positions avant le week-end.<\/p>\n<h2>Appel de marge<\/h2>\n<p>GSTrade vous informera des taux de maintien de la marge avant d&#8217;atteindre le niveau de r\u00e9duction de perte avec la fonction d&#8217;appel de marge.<br \/>\nDe plus, si le niveau de perte de perte tombe en dessous du niveau d&#8217;alarme, une perte de perte forc\u00e9e se produira.<\/p>\n<h2>Tableau des tarifs et prix affich\u00e9s sur la plateforme<\/h2>\n<p>Il y a deux choses \u00e0 noter lors de la v\u00e9rification de la liste de prix. Premi\u00e8rement, le prix affich\u00e9 sur le graphique peut diff\u00e9rer du prix affich\u00e9 sur le devis. Deuxi\u00e8mement, il y a des indicateurs qui montrent le prix du march\u00e9 et le pourcentage que le prix change, et les observateurs du march\u00e9 tels que S &#038; P et eSignal disent que les prix sont diff\u00e9rents parce qu&#8217;ils collectent ces indicateurs. C&#8217;est. Si vous n&#8217;y pr\u00eatez pas attention, vous risquez de subir des pertes inattendues.<\/p>\n<p>c&#8217;est tout<br \/>\nCe contenu sera mis \u00e0 jour de temps en temps.<br \/>\n1 avril 2019<\/p>\n","protected":false},"excerpt":{"rendered":"<p>Global Seek Limited (ci-apr\u00e8s d\u00e9nomm\u00e9e GSTrade), qui fournit des services d&#8217;investissement li\u00e9s aux produits financiers, divulgue les risques d&#038;&#8230;<\/p>\n","protected":false},"author":2,"featured_media":0,"parent":0,"menu_order":0,"comment_status":"closed","ping_status":"closed","template":"","meta":{"footnotes":""},"translation":{"provider":"WPGlobus","version":"3.0.0","language":"fr","enabled_languages":["en","zh","th","ja","ko","ar","ru","fr"],"languages":{"en":{"title":true,"content":true,"excerpt":false},"zh":{"title":true,"content":true,"excerpt":false},"th":{"title":true,"content":true,"excerpt":false},"ja":{"title":true,"content":true,"excerpt":false},"ko":{"title":true,"content":true,"excerpt":false},"ar":{"title":true,"content":true,"excerpt":false},"ru":{"title":true,"content":true,"excerpt":false},"fr":{"title":true,"content":true,"excerpt":false}}},"aioseo_notices":[],"_links":{"self":[{"href":"https:\/\/gs-ltd.hk\/fr\/wp-json\/wp\/v2\/pages\/1734"}],"collection":[{"href":"https:\/\/gs-ltd.hk\/fr\/wp-json\/wp\/v2\/pages"}],"about":[{"href":"https:\/\/gs-ltd.hk\/fr\/wp-json\/wp\/v2\/types\/page"}],"author":[{"embeddable":true,"href":"https:\/\/gs-ltd.hk\/fr\/wp-json\/wp\/v2\/users\/2"}],"replies":[{"embeddable":true,"href":"https:\/\/gs-ltd.hk\/fr\/wp-json\/wp\/v2\/comments?post=1734"}],"version-history":[{"count":5,"href":"https:\/\/gs-ltd.hk\/fr\/wp-json\/wp\/v2\/pages\/1734\/revisions"}],"predecessor-version":[{"id":18400,"href":"https:\/\/gs-ltd.hk\/fr\/wp-json\/wp\/v2\/pages\/1734\/revisions\/18400"}],"wp:attachment":[{"href":"https:\/\/gs-ltd.hk\/fr\/wp-json\/wp\/v2\/media?parent=1734"}],"curies":[{"name":"wp","href":"https:\/\/api.w.org\/{rel}","templated":true}]}}