{"id":1730,"date":"2019-04-12T10:42:43","date_gmt":"2019-04-12T01:42:43","guid":{"rendered":"https:\/\/gs-ltd.hk\/?page_id=1730"},"modified":"2023-04-27T17:52:48","modified_gmt":"2023-04-27T08:52:48","slug":"risk-warning","status":"publish","type":"page","link":"https:\/\/gs-ltd.hk\/fr\/risk-warning\/","title":{"rendered":"Avertissement sur les risques"},"content":{"rendered":"<p>La n\u00e9gociation de devises sur marge comporte un niveau de risque \u00e9lev\u00e9 et peut ne pas convenir \u00e0 tous les investisseurs. Avant de d\u00e9cider de n\u00e9gocier des devises, vous devez examiner attentivement vos objectifs de placement, votre niveau d&#8217;exp\u00e9rience et votre app\u00e9tit pour le risque. Il est possible que vous subissiez une perte de tout ou partie de votre investissement et vous ne devez donc pas investir de l&#8217;argent que vous ne pouvez pas vous permettre de perdre. Vous devez \u00eatre conscient de tous les risques associ\u00e9s aux op\u00e9rations de change et demander conseil \u00e0 un conseiller financier ind\u00e9pendant en cas de doute.<br \/>\nLes CFD sont des instruments complexes et pr\u00e9sentent un risque \u00e9lev\u00e9 de perdre rapidement de l&#8217;argent en raison de l&#8217;effet de levier. Vous devez vous demander si vous comprenez comment fonctionnent les CFD et si vous pouvez vous permettre de prendre le risque \u00e9lev\u00e9 de perdre votre argent.<\/p>\n<p><span style=\"font-weight: 400;\">2019\/4\/1<\/span><\/p>\n","protected":false},"excerpt":{"rendered":"<p>La n\u00e9gociation de devises sur marge comporte un niveau de risque \u00e9lev\u00e9 et peut ne pas convenir \u00e0 tous les investisseurs. Avant de d\u00e9cider de n\u00e9gocier &#8230;<\/p>\n","protected":false},"author":2,"featured_media":0,"parent":0,"menu_order":0,"comment_status":"closed","ping_status":"closed","template":"","meta":{"footnotes":""},"translation":{"provider":"WPGlobus","version":"3.0.0","language":"fr","enabled_languages":["en","zh","th","ja","ko","ar","ru","fr"],"languages":{"en":{"title":true,"content":true,"excerpt":false},"zh":{"title":true,"content":true,"excerpt":false},"th":{"title":true,"content":true,"excerpt":false},"ja":{"title":true,"content":true,"excerpt":false},"ko":{"title":true,"content":true,"excerpt":false},"ar":{"title":true,"content":true,"excerpt":false},"ru":{"title":true,"content":true,"excerpt":false},"fr":{"title":true,"content":true,"excerpt":false}}},"aioseo_notices":[],"_links":{"self":[{"href":"https:\/\/gs-ltd.hk\/fr\/wp-json\/wp\/v2\/pages\/1730"}],"collection":[{"href":"https:\/\/gs-ltd.hk\/fr\/wp-json\/wp\/v2\/pages"}],"about":[{"href":"https:\/\/gs-ltd.hk\/fr\/wp-json\/wp\/v2\/types\/page"}],"author":[{"embeddable":true,"href":"https:\/\/gs-ltd.hk\/fr\/wp-json\/wp\/v2\/users\/2"}],"replies":[{"embeddable":true,"href":"https:\/\/gs-ltd.hk\/fr\/wp-json\/wp\/v2\/comments?post=1730"}],"version-history":[{"count":5,"href":"https:\/\/gs-ltd.hk\/fr\/wp-json\/wp\/v2\/pages\/1730\/revisions"}],"predecessor-version":[{"id":18398,"href":"https:\/\/gs-ltd.hk\/fr\/wp-json\/wp\/v2\/pages\/1730\/revisions\/18398"}],"wp:attachment":[{"href":"https:\/\/gs-ltd.hk\/fr\/wp-json\/wp\/v2\/media?parent=1730"}],"curies":[{"name":"wp","href":"https:\/\/api.w.org\/{rel}","templated":true}]}}