{"id":1724,"date":"2019-04-12T10:37:10","date_gmt":"2019-04-12T01:37:10","guid":{"rendered":"https:\/\/gs-ltd.hk\/?page_id=1724"},"modified":"2023-04-27T17:38:47","modified_gmt":"2023-04-27T08:38:47","slug":"privacy-policy","status":"publish","type":"page","link":"https:\/\/gs-ltd.hk\/fr\/privacy-policy\/","title":{"rendered":"Politique de confidentialit\u00e9"},"content":{"rendered":"<div class=\"wpb-content-wrapper\">[vc_row][vc_column][vc_column_text]Global Seek Limited (GSTrade), en tant que soci\u00e9t\u00e9 qui fournit des services d&#8217;investissement li\u00e9s aux produits financiers, \u00e9met une politique de confidentialit\u00e9 concernant la fourniture de services d&#8217;investissement. GSTrade appr\u00e9cie la vie priv\u00e9e des individus et nous appr\u00e9cions nos relations avec nos clients. GSTrade s&#8217;efforce de maintenir des transactions saines avec les clients individuels en leur offrant une s\u00e9curit\u00e9 de confidentialit\u00e9. En outre, cette politique de confidentialit\u00e9 s&#8217;applique aux clients pr\u00e9-\u00e9mis et actuels.<\/p>\n<h2>Informations personnelles<\/h2>\n<p>Lorsque vous demandez ou maintenez un compte r\u00e9el avec GSTrade, nous collectons les informations personnelles suivantes \u00e0 des fins commerciales, y compris l&#8217;\u00e9valuation de vos besoins financiers, le traitement des demandes et des transactions, la notification des produits et services qui vous int\u00e9ressent et la fourniture de services. Faire.<br \/>\nInformations d&#8217;enregistrement: Inscription et autres formulaires (nom du client, adresse, date de naissance, num\u00e9ro de s\u00e9curit\u00e9 sociale, profession, propri\u00e9t\u00e9, revenu)<br \/>\nInformations sur les transactions: contient des informations sur nos transactions et communications.<br \/>\nLes informations personnelles comprennent le solde de votre compte, les activit\u00e9s commerciales, les demandes de renseignements, les informations de v\u00e9rification, les passeports, les permis de conduire et d&#8217;autres informations n\u00e9cessaires pour v\u00e9rifier votre identit\u00e9. Les exemples incluent des informations g\u00e9n\u00e9rales vous concernant, re\u00e7ues de documents publics et d&#8217;autres entit\u00e9s non affili\u00e9es \u00e0 GSTrade. De plus, la loi f\u00e9d\u00e9rale vous oblige \u00e0 collecter certaines informations et \u00e0 prendre les mesures n\u00e9cessaires pour v\u00e9rifier votre identit\u00e9.<\/p>\n<h2><b>Cookie <\/b><\/h2>\n<p>Les cookies sont de petits fichiers qui contiennent des informations que les sites Web utilisent pour suivre les visiteurs.<br \/>\nGSTrade peut d\u00e9finir et acc\u00e9der aux cookies GSTrade sur votre ordinateur. Cela vous permettra de d\u00e9couvrir les publicit\u00e9s et les promotions de vos utilisateurs pour visiter votre site Web.<\/p>\n<h2>Technologie de s\u00e9curit\u00e9<\/h2>\n<p>GSTrade utilise la technologie de cryptage SSL (Secure Socket Layer) pour prot\u00e9ger certaines informations qu&#8217;il envoie. Ce type de technologie vous prot\u00e8ge afin que personne en dehors de GSTrade ne puisse intercepter vos informations. Nous travaillons dur pour prouver que notre site Web est s\u00fbr et r\u00e9pond aux normes de l&#8217;industrie.<br \/>\nIl utilise \u00e9galement des m\u00e9canismes de contr\u00f4le d&#8217;acc\u00e8s tels que des pare-feu, des syst\u00e8mes d&#8217;authentification (tels que des mots de passe et des num\u00e9ros d&#8217;identification personnels) et des m\u00e9canismes de contr\u00f4le d&#8217;acc\u00e8s pour contr\u00f4ler l&#8217;acc\u00e8s non autoris\u00e9 au syst\u00e8me.<\/p>\n<h2>Partage d&#8217;informations avec les affili\u00e9s<\/h2>\n<p>Dans le but de fournir votre compte, de vous informer de nouveaux produits et services, de vous informer de nouveaux produits et services et de vous les mettre \u00e0 disposition en vertu de la loi applicable, Vous pouvez le partager avec nos affili\u00e9s.<br \/>\nNos filiales comprennent des soci\u00e9t\u00e9s que nous contr\u00f4lons, des soci\u00e9t\u00e9s que nous poss\u00e9dons et des soci\u00e9t\u00e9s qui d\u00e9tiennent nos int\u00e9r\u00eats. En outre, les informations que nous partageons avec les affili\u00e9s peuvent inclure les informations ci-dessus, telles que votre nom, votre adresse, les transactions et les informations de compte.<\/p>\n<h2>Partage d&#8217;informations avec des tiers<\/h2>\n<p>GSTrade ne divulguera pas d&#8217;informations personnelles \u00e0 des tiers, sauf comme d\u00e9crit dans cette politique.<br \/>\nLes soci\u00e9t\u00e9s non affili\u00e9es qui prennent en charge GSTrade sont tenues de maintenir la confidentialit\u00e9 de leurs informations, et sont tenues de maintenir la confidentialit\u00e9 de ces informations et d&#8217;utiliser des informations personnelles uniquement dans le processus de fourniture du service. ..<\/p>\n<h2>Divulgation r\u00e9glementaire<\/h2>\n<p>GSTrade peut faire des divulgations r\u00e9glementaires dans des circonstances limit\u00e9es. Cela vous permettra de divulguer vos informations personnelles \u00e0 un tiers conform\u00e9ment \u00e0 la loi applicable.<br \/>\nPar exemple, nous pouvons divulguer des informations personnelles que nous travaillons avec les r\u00e9gulateurs et les organismes d&#8217;application de la loi pour se conformer aux citations \u00e0 compara\u00eetre et autres demandes formelles de prot\u00e9ger nos droits et notre propri\u00e9t\u00e9, le cas \u00e9ch\u00e9ant. Je vais.<br \/>\n\u00c0 l&#8217;exception de ce qui est d\u00e9crit dans cette politique de confidentialit\u00e9, les informations personnelles ne peuvent pas \u00eatre utilis\u00e9es \u00e0 d&#8217;autres fins. Nous n&#8217;utilisons pas non plus ces informations \u00e0 moins que nous n&#8217;indiquions comment elles seront utilis\u00e9es lorsque nous les divulguerons ou que nous obtiendrons une autorisation.<\/p>\n<h2>se d\u00e9sengager<\/h2>\n<p>Si vous vous d\u00e9sabonnez apr\u00e8s avoir accept\u00e9 cette politique, nous cesserons d&#8217;utiliser les informations dans les cas suivants.<\/p>\n<p>\u25a0 Contenu de l&#8217;opt-out (rejet)<br \/>\nLorsque les informations personnelles ci-dessus sont fournies aux soci\u00e9t\u00e9s affili\u00e9es ci-dessus<br \/>\nVous n&#8217;\u00eates pas oblig\u00e9 de fournir les informations personnelles que vous demandez, mais si vous \u00e9chouez, vous ne pourrez pas ouvrir ou maintenir votre compte et vous ne pourrez pas fournir de services.<br \/>\nBien que GStrade s&#8217;engage \u00e0 garantir que toutes vos informations sont exactes, compl\u00e8tes et \u00e0 jour, nous vous tiendrons inform\u00e9s de toute modification de vos informations personnelles. Vous devez \u00eatre averti imm\u00e9diatement.<\/p>\n<p>Si vous avez des questions concernant cette politique de confidentialit\u00e9, telles que l&#8217;arr\u00eat de la fourniture d&#8217;informations personnelles aux soci\u00e9t\u00e9s affili\u00e9es, veuillez nous contacter \u00e0 partir d&#8217;ici.<\/p>\n<p>c&#8217;est tout.<\/p>\n<p>Ce contenu sera mis \u00e0 jour de temps en temps.<\/p>\n<p>&nbsp;<\/p>\n<p>1 avril 2019[\/vc_column_text][\/vc_column][\/vc_row]\n<\/div>","protected":false},"excerpt":{"rendered":"<p>[vc_row][vc_column][vc_column_text]Global Seek Limited (GSTrade), en tant que soci\u00e9t\u00e9 qui fournit des services d&#8217;investissement li\u00e9s aux produit&#8230;<\/p>\n","protected":false},"author":2,"featured_media":0,"parent":0,"menu_order":0,"comment_status":"closed","ping_status":"closed","template":"","meta":{"footnotes":""},"translation":{"provider":"WPGlobus","version":"3.0.0","language":"fr","enabled_languages":["en","zh","th","ja","ko","ar","ru","fr"],"languages":{"en":{"title":true,"content":true,"excerpt":false},"zh":{"title":true,"content":true,"excerpt":false},"th":{"title":true,"content":true,"excerpt":false},"ja":{"title":true,"content":true,"excerpt":false},"ko":{"title":true,"content":true,"excerpt":false},"ar":{"title":true,"content":true,"excerpt":false},"ru":{"title":true,"content":true,"excerpt":false},"fr":{"title":true,"content":true,"excerpt":false}}},"aioseo_notices":[],"_links":{"self":[{"href":"https:\/\/gs-ltd.hk\/fr\/wp-json\/wp\/v2\/pages\/1724"}],"collection":[{"href":"https:\/\/gs-ltd.hk\/fr\/wp-json\/wp\/v2\/pages"}],"about":[{"href":"https:\/\/gs-ltd.hk\/fr\/wp-json\/wp\/v2\/types\/page"}],"author":[{"embeddable":true,"href":"https:\/\/gs-ltd.hk\/fr\/wp-json\/wp\/v2\/users\/2"}],"replies":[{"embeddable":true,"href":"https:\/\/gs-ltd.hk\/fr\/wp-json\/wp\/v2\/comments?post=1724"}],"version-history":[{"count":5,"href":"https:\/\/gs-ltd.hk\/fr\/wp-json\/wp\/v2\/pages\/1724\/revisions"}],"predecessor-version":[{"id":18394,"href":"https:\/\/gs-ltd.hk\/fr\/wp-json\/wp\/v2\/pages\/1724\/revisions\/18394"}],"wp:attachment":[{"href":"https:\/\/gs-ltd.hk\/fr\/wp-json\/wp\/v2\/media?parent=1724"}],"curies":[{"name":"wp","href":"https:\/\/api.w.org\/{rel}","templated":true}]}}