{"id":1713,"date":"2019-04-12T10:27:51","date_gmt":"2019-04-12T01:27:51","guid":{"rendered":"https:\/\/gs-ltd.hk\/?page_id=1713"},"modified":"2023-04-27T16:25:48","modified_gmt":"2023-04-27T07:25:48","slug":"aml-policy","status":"publish","type":"page","link":"https:\/\/gs-ltd.hk\/fr\/aml-policy\/","title":{"rendered":"Politique de lutte contre le blanchiment d&#8217;argent"},"content":{"rendered":"<p>Global Seek Limited (GSTrade), en tant que fournisseur de services d&#8217;investissement li\u00e9s aux produits financiers, publie cette politique anti-blanchiment (ci-apr\u00e8s d\u00e9nomm\u00e9e AML) concernant la fourniture de services d&#8217;investissement li\u00e9s aux produits financiers.<\/p>\n<p>\u00c9tant donn\u00e9 que les soci\u00e9t\u00e9s financi\u00e8res sont soumises aux lois de LBC et \u00e0 d&#8217;autres r\u00e9glementations, GSTrade exprime l&#8217;importance et la volont\u00e9 de se conformer aux exigences l\u00e9gales du blanchiment de capitaux (ML) et d&#8217;atteindre son objectif. Adopter les politiques et mesures requises par le droit de l&#8217;Union europ\u00e9enne. Pour satisfaire \u00e0 ces r\u00e8gles et exigences, GSTrade se concentrera sur les points suivants:<\/p>\n<p>\u30fb Faites attention \u00e0 toutes les informations telles que l&#8217;identification, les ant\u00e9c\u00e9dents, les activit\u00e9s connexes, les affaires, etc. sur la base des informations fournies par le demandeur, comme chaque client ou partenaire.<\/p>\n<p>\u2022 Surveiller en permanence nos clients, partenaires et transactions et activit\u00e9s pour nous assurer qu&#8217;ils sont conformes \u00e0 notre LBC et aux contrats de nos clients.<\/p>\n<p>\u00b7 Tenir et conserver des enregistrements des comptes, des transactions, des communications avec les clients et les partenaires, la collecte d&#8217;informations, les probl\u00e8mes internes et les proc\u00e9dures sp\u00e9cifiques.<\/p>\n<p>\u2022 \u00c9valuer la probabilit\u00e9 de BC et le taux de risque du client lors du traitement des transactions avec le client.<\/p>\n<p>\u2022 Appliquez une diligence raisonnable renforc\u00e9e lorsque vous traitez avec des personnes douteuses, des fiduciaires, des personnes politiquement influentes, des clients de juridictions inf\u00e2mes et des d\u00e9p\u00f4ts importants d\u00e9passant les seuils.<\/p>\n<p>Offrir une formation externe trimestrielle et annuelle aux employ\u00e9s, en particulier ceux qui interagissent directement avec les clients et les partenaires.<\/p>\n<p>\u2022 Coop\u00e9rer avec un responsable de la conformit\u00e9 en mati\u00e8re de blanchiment d&#8217;argent (MLCO) qui a re\u00e7u l&#8217;approbation r\u00e9glementaire.<\/p>\n<p>\u2022 Surveiller les modifications des lois pertinentes, des listes de sanctions et des r\u00e9gulateurs financiers internationaux et adopter de nouvelles mesures au besoin.<\/p>\n<p>\u30fb Interdire la fourniture de comptes anonymes et interdire le maintien de relations commerciales avec Shell Bank.<\/p>\n<p>Si la MLCO d\u00e9termine qu&#8217;elle est suspecte, elle signalera la transaction suspecte pertinente \u00e0 l&#8217;autorit\u00e9 comp\u00e9tente.<\/p>\n<p>En outre, si GSTrade est exploit\u00e9 de quelque mani\u00e8re que ce soit dans une juridiction o\u00f9 les r\u00e8gles de LBC exigent des mesures suppl\u00e9mentaires, GSTrade devra r\u00e9pondre \u00e0 toutes les exigences suppl\u00e9mentaires et veiller \u00e0 ce que les questions connexes soient trait\u00e9es en cons\u00e9quence. ..<\/p>\n<p>L&#8217;objectif de la politique stricte de GSTrade en mati\u00e8re de LBC est d&#8217;emp\u00eacher ses clients, partenaires, employ\u00e9s et le secteur financier d&#8217;\u00eatre utilis\u00e9s \u00e0 des fins de BC, de financement du terrorisme et d&#8217;autres d\u00e9lits financiers.<\/p>\n<p>GSTrade est nocif pour la soci\u00e9t\u00e9 mondiale, avec le potentiel pour les fraudeurs et les criminels de dissimuler, transf\u00e9rer, acqu\u00e9rir ou l\u00e9galiser de quelque mani\u00e8re que ce soit la propri\u00e9t\u00e9 de leurs biens. Nous nous effor\u00e7ons d&#8217;\u00eatre pleinement conscients de l&#8217;impact et du danger potentiels.<\/p>\n<p>Afin de se conformer et de se conformer \u00e0 la politique AML de GSTrade, les \u00e9l\u00e9ments suivants sont importants:<\/p>\n<p>-GSTrade conserve le contenu que le demandeur saisit des donn\u00e9es et t\u00e9l\u00e9charge des documents lorsqu&#8217;un nouveau compte est ouvert et conserve toutes les transactions, donn\u00e9es, documents et enregistrements concernant les transactions effectu\u00e9es par chaque client. Chose.<\/p>\n<p>\u30fb Si vous souhaitez ouvrir un nouveau compte, vous devez fournir des informations personnelles d\u00e9taill\u00e9es telles que nom, adresse, nationalit\u00e9, date de naissance, date de naissance, num\u00e9ro d&#8217;identification, nature de l&#8217;entreprise dans le cas d&#8217;une entreprise, etc. Faire.<\/p>\n<p>Au cours de ce processus (avant m\u00eame l&#8217;ouverture du compte), toutes ces donn\u00e9es seront utilis\u00e9es pour identifier le certificat d&#8217;identification et de r\u00e9sidence du demandeur (preuve d&#8217;existence, liste des dirigeants et actionnaires si le demandeur est une entreprise et toute autre information n\u00e9cessaire). La soumission des documents de diligence raisonnable) est obligatoire. Dans certains cas, les candidats peuvent \u00eatre tenus de remplir des enqu\u00eates d&#8217;investissement suppl\u00e9mentaires, en leur demandant des d\u00e9tails sur l&#8217;emploi et le revenu, l&#8217;exp\u00e9rience et l&#8217;exp\u00e9rience des services d&#8217;investissement.<\/p>\n<p>-Toutes les communications entre GSTrade et ses clients ou partenaires concernant les services financiers fournis par GSTrade sont enregistr\u00e9es, quel que soit leur contenu.<\/p>\n<p>Les d\u00e9p\u00f4ts stock\u00e9s dans un compte sp\u00e9cifique doivent \u00eatre transf\u00e9r\u00e9s \u00e0 partir d&#8217;un compte ouvert aupr\u00e8s d&#8217;un \u00e9tablissement de cr\u00e9dit agr\u00e9\u00e9 ou d&#8217;une carte de cr\u00e9dit d\u00e9tenue au nom du propri\u00e9taire ou du demandeur sp\u00e9cifique pour l&#8217;ouverture d&#8217;un compte GSTrade. Les documents attestant de la propri\u00e9t\u00e9 de la carte ou du compte seront factur\u00e9s au moment de l&#8217;ouverture du compte et selon les besoins par la suite.<\/p>\n<p>Les retraits sont g\u00e9n\u00e9ralement trait\u00e9s sur le m\u00eame compte de d\u00e9p\u00f4t.<\/p>\n<p>Il est obligatoire que la pi\u00e8ce d&#8217;identit\u00e9 et le certificat de r\u00e9sidence soumis soient \u00e0 jour \u00e0 la discr\u00e9tion du client avant l&#8217;expiration du certificat actuel. S&#8217;il expire, il se peut que nous ne puissions accepter le retrait avant d&#8217;avoir soumis le dernier.<\/p>\n<p>Si une activit\u00e9 suspecte, une transaction ou un risque \u00e9lev\u00e9 est identifi\u00e9, le compte et l&#8217;activit\u00e9 du client feront l&#8217;objet d&#8217;une enqu\u00eate et, si cela est jug\u00e9 n\u00e9cessaire, seront signal\u00e9s aux autorit\u00e9s comp\u00e9tentes.<\/p>\n<p>c&#8217;est tout.<\/p>\n<p>Ce contenu sera mis \u00e0 jour de temps en temps.<\/p>\n<p>1 avril 2019<\/p>\n","protected":false},"excerpt":{"rendered":"<p>Global Seek Limited (GSTrade), en tant que fournisseur de services d&#8217;investissement li\u00e9s aux produits financiers, publie cette politique anti-bl&#8230;<\/p>\n","protected":false},"author":2,"featured_media":0,"parent":0,"menu_order":0,"comment_status":"closed","ping_status":"closed","template":"","meta":{"footnotes":""},"translation":{"provider":"WPGlobus","version":"3.0.0","language":"fr","enabled_languages":["en","zh","th","ja","ko","ar","ru","fr"],"languages":{"en":{"title":true,"content":true,"excerpt":false},"zh":{"title":true,"content":true,"excerpt":false},"th":{"title":true,"content":true,"excerpt":false},"ja":{"title":true,"content":true,"excerpt":false},"ko":{"title":true,"content":true,"excerpt":false},"ar":{"title":true,"content":true,"excerpt":false},"ru":{"title":true,"content":true,"excerpt":false},"fr":{"title":true,"content":true,"excerpt":false}}},"aioseo_notices":[],"_links":{"self":[{"href":"https:\/\/gs-ltd.hk\/fr\/wp-json\/wp\/v2\/pages\/1713"}],"collection":[{"href":"https:\/\/gs-ltd.hk\/fr\/wp-json\/wp\/v2\/pages"}],"about":[{"href":"https:\/\/gs-ltd.hk\/fr\/wp-json\/wp\/v2\/types\/page"}],"author":[{"embeddable":true,"href":"https:\/\/gs-ltd.hk\/fr\/wp-json\/wp\/v2\/users\/2"}],"replies":[{"embeddable":true,"href":"https:\/\/gs-ltd.hk\/fr\/wp-json\/wp\/v2\/comments?post=1713"}],"version-history":[{"count":6,"href":"https:\/\/gs-ltd.hk\/fr\/wp-json\/wp\/v2\/pages\/1713\/revisions"}],"predecessor-version":[{"id":18375,"href":"https:\/\/gs-ltd.hk\/fr\/wp-json\/wp\/v2\/pages\/1713\/revisions\/18375"}],"wp:attachment":[{"href":"https:\/\/gs-ltd.hk\/fr\/wp-json\/wp\/v2\/media?parent=1713"}],"curies":[{"name":"wp","href":"https:\/\/api.w.org\/{rel}","templated":true}]}}